{"id":4165,"date":"2023-02-15T11:23:50","date_gmt":"2023-02-15T10:23:50","guid":{"rendered":"https:\/\/weddingetruriandestination.com\/?page_id=4165"},"modified":"2023-04-03T12:03:42","modified_gmt":"2023-04-03T10:03:42","slug":"la-storia","status":"publish","type":"page","link":"https:\/\/weddingetruriandestination.com\/it\/la-storia\/","title":{"rendered":"La storia"},"content":{"rendered":"\t\t<div data-elementor-type=\"wp-page\" data-elementor-id=\"4165\" class=\"elementor elementor-4165\">\n\t\t\t\t\t\t\t\t\t<section class=\"elementor-section elementor-top-section elementor-element elementor-element-934ab9e elementor-section-stretched elementor-section-content-top elementor-hidden-tablet elementor-section-full_width elementor-section-height-default elementor-section-height-default\" data-id=\"934ab9e\" data-element_type=\"section\" data-settings=\"{&quot;stretch_section&quot;:&quot;section-stretched&quot;}\">\n\t\t\t\t\t\t<div class=\"elementor-container elementor-column-gap-no\">\n\t\t\t\t\t<div class=\"elementor-column elementor-col-100 elementor-top-column elementor-element elementor-element-d7c9352\" data-id=\"d7c9352\" data-element_type=\"column\">\n\t\t\t<div class=\"elementor-widget-wrap elementor-element-populated\">\n\t\t\t\t\t\t\t\t<div class=\"elementor-element elementor-element-fbec8fa elementor-widget__width-inherit elementor-widget elementor-widget-image\" data-id=\"fbec8fa\" data-element_type=\"widget\" data-widget_type=\"image.default\">\n\t\t\t\t<div class=\"elementor-widget-container\">\n\t\t\t<style>\/*! elementor - v3.11.5 - 14-03-2023 *\/\n.elementor-widget-image{text-align:center}.elementor-widget-image a{display:inline-block}.elementor-widget-image a img[src$=\".svg\"]{width:48px}.elementor-widget-image img{vertical-align:middle;display:inline-block}<\/style>\t\t\t\t\t\t\t\t\t\t\t\t<img decoding=\"async\" width=\"2012\" height=\"892\" src=\"https:\/\/weddingetruriandestination.com\/wp-content\/uploads\/2023\/03\/PRIMA-FOTO-AQUASI-A-TUTTO-SCHERMO-LOGO.jpg\" class=\"attachment-full size-full wp-image-5249\" alt=\"\" loading=\"lazy\" srcset=\"https:\/\/weddingetruriandestination.com\/wp-content\/uploads\/2023\/03\/PRIMA-FOTO-AQUASI-A-TUTTO-SCHERMO-LOGO.jpg 2012w, https:\/\/weddingetruriandestination.com\/wp-content\/uploads\/2023\/03\/PRIMA-FOTO-AQUASI-A-TUTTO-SCHERMO-LOGO-640x284.jpg 640w, https:\/\/weddingetruriandestination.com\/wp-content\/uploads\/2023\/03\/PRIMA-FOTO-AQUASI-A-TUTTO-SCHERMO-LOGO-1280x567.jpg 1280w, https:\/\/weddingetruriandestination.com\/wp-content\/uploads\/2023\/03\/PRIMA-FOTO-AQUASI-A-TUTTO-SCHERMO-LOGO-768x340.jpg 768w, https:\/\/weddingetruriandestination.com\/wp-content\/uploads\/2023\/03\/PRIMA-FOTO-AQUASI-A-TUTTO-SCHERMO-LOGO-1536x681.jpg 1536w, https:\/\/weddingetruriandestination.com\/wp-content\/uploads\/2023\/03\/PRIMA-FOTO-AQUASI-A-TUTTO-SCHERMO-LOGO-320x142.jpg 320w\" sizes=\"(max-width: 2012px) 100vw, 2012px\" \/>\t\t\t\t\t\t\t\t\t\t\t\t\t\t\t<\/div>\n\t\t\t\t<\/div>\n\t\t\t\t\t<\/div>\n\t\t<\/div>\n\t\t\t\t\t\t\t<\/div>\n\t\t<\/section>\n\t\t\t\t<section class=\"elementor-section elementor-top-section elementor-element elementor-element-ef448a3 elementor-section-stretched elementor-section-content-top elementor-hidden-tablet elementor-section-boxed elementor-section-height-default elementor-section-height-default\" data-id=\"ef448a3\" data-element_type=\"section\" data-settings=\"{&quot;stretch_section&quot;:&quot;section-stretched&quot;}\">\n\t\t\t\t\t\t<div class=\"elementor-container elementor-column-gap-default\">\n\t\t\t\t\t<div class=\"elementor-column elementor-col-100 elementor-top-column elementor-element elementor-element-8b3f9a6\" data-id=\"8b3f9a6\" data-element_type=\"column\">\n\t\t\t<div class=\"elementor-widget-wrap elementor-element-populated\">\n\t\t\t\t\t\t\t\t<div class=\"elementor-element elementor-element-f300692 elementor-widget elementor-widget-text-editor\" data-id=\"f300692\" data-element_type=\"widget\" data-widget_type=\"text-editor.default\">\n\t\t\t\t<div class=\"elementor-widget-container\">\n\t\t\t<style>\/*! elementor - v3.11.5 - 14-03-2023 *\/\n.elementor-widget-text-editor.elementor-drop-cap-view-stacked .elementor-drop-cap{background-color:#818a91;color:#fff}.elementor-widget-text-editor.elementor-drop-cap-view-framed .elementor-drop-cap{color:#818a91;border:3px solid;background-color:transparent}.elementor-widget-text-editor:not(.elementor-drop-cap-view-default) .elementor-drop-cap{margin-top:8px}.elementor-widget-text-editor:not(.elementor-drop-cap-view-default) .elementor-drop-cap-letter{width:1em;height:1em}.elementor-widget-text-editor .elementor-drop-cap{float:left;text-align:center;line-height:1;font-size:50px}.elementor-widget-text-editor .elementor-drop-cap-letter{display:inline-block}<\/style>\t\t\t\t<p><strong>Ferento non \u00e8 solo una location&#8230;<\/strong><br \/><strong>Ferento \u00e8 IDENTITA&#8217;, BELLEZZA E SOGNO!<\/strong><\/p>\t\t\t\t\t\t<\/div>\n\t\t\t\t<\/div>\n\t\t\t\t<div class=\"elementor-element elementor-element-5f0e524 elementor-widget elementor-widget-text-editor\" data-id=\"5f0e524\" data-element_type=\"widget\" data-widget_type=\"text-editor.default\">\n\t\t\t\t<div class=\"elementor-widget-container\">\n\t\t\t\t\t\t\t<p>Ferento, un\u2019antica citt\u00e0 etrusca, romana e medievale nelle vicinanze di Viterbo, sulla strada Teverina verso la valle del Tevere, venne fregiata del titolo di civitas splendissima, come ci ricorda un\u2019iscrizione del II secolo d.C. rinvenuta nelle vicinanze.<\/p><p>Ferento fu originariamente citt\u00e0 etrusca, ma acquis\u00ec massima importanza soprattutto in<br \/>et\u00e0 imperiale, quando divenne un importante nodo sulla via Clodia e si struttur\u00f2 secondo il tessuto urbano che oggi \u00e8 soltanto in minima parte rinvenibile dagli scavi archeologici.<br \/>L\u2019insediamento etrusco si insedi\u00f2 nel IV sec.a.C. tra i torrenti Vezzarella e Fosso dell\u2019Acquarossa. Con la conquista romana del territorio a Nord dei monti Cimini,avvenuta nel 310 a.C., l\u2019area di Ferento entr\u00f2 nella sfera d\u2019influenza di Roma.<\/p><p>Come allora \u00e8 oggi luogo di bellezza e cornice preziosa per eventi memorabili.<\/p>\t\t\t\t\t\t<\/div>\n\t\t\t\t<\/div>\n\t\t\t\t<div class=\"elementor-element elementor-element-1b47ad6 elementor-invisible elementor-widget elementor-widget-image\" data-id=\"1b47ad6\" data-element_type=\"widget\" data-settings=\"{&quot;_animation&quot;:&quot;zoomIn&quot;}\" data-widget_type=\"image.default\">\n\t\t\t\t<div class=\"elementor-widget-container\">\n\t\t\t\t\t\t\t\t\t\t\t\t\t\t\t\t<a href=\"https:\/\/weddingetruriandestination.com\/wp-content\/uploads\/2023\/02\/3.4-storia_1000x700.jpg\" data-elementor-open-lightbox=\"yes\" data-elementor-lightbox-title=\"3.4-storia_1000x700\" data-e-action-hash=\"#elementor-action%3Aaction%3Dlightbox%26settings%3DeyJpZCI6NDM1MywidXJsIjoiaHR0cHM6XC9cL3dlZGRpbmdldHJ1cmlhbmRlc3RpbmF0aW9uLmNvbVwvd3AtY29udGVudFwvdXBsb2Fkc1wvMjAyM1wvMDJcLzMuNC1zdG9yaWFfMTAwMHg3MDAuanBnIn0%3D\">\n\t\t\t\t\t\t\t<img decoding=\"async\" width=\"1000\" height=\"700\" src=\"https:\/\/weddingetruriandestination.com\/wp-content\/uploads\/2023\/02\/3.4-storia_1000x700.jpg\" class=\"attachment-full size-full wp-image-4353\" alt=\"\" loading=\"lazy\" srcset=\"https:\/\/weddingetruriandestination.com\/wp-content\/uploads\/2023\/02\/3.4-storia_1000x700.jpg 1000w, https:\/\/weddingetruriandestination.com\/wp-content\/uploads\/2023\/02\/3.4-storia_1000x700-640x448.jpg 640w, https:\/\/weddingetruriandestination.com\/wp-content\/uploads\/2023\/02\/3.4-storia_1000x700-768x538.jpg 768w, https:\/\/weddingetruriandestination.com\/wp-content\/uploads\/2023\/02\/3.4-storia_1000x700-320x224.jpg 320w\" sizes=\"(max-width: 1000px) 100vw, 1000px\" \/>\t\t\t\t\t\t\t\t<\/a>\n\t\t\t\t\t\t\t\t\t\t\t\t\t\t\t<\/div>\n\t\t\t\t<\/div>\n\t\t\t\t\t<\/div>\n\t\t<\/div>\n\t\t\t\t\t\t\t<\/div>\n\t\t<\/section>\n\t\t\t\t<section class=\"elementor-section elementor-top-section elementor-element elementor-element-41c284d elementor-section-stretched elementor-section-content-top elementor-hidden-tablet elementor-section-boxed elementor-section-height-default elementor-section-height-default\" data-id=\"41c284d\" data-element_type=\"section\" data-settings=\"{&quot;stretch_section&quot;:&quot;section-stretched&quot;}\">\n\t\t\t\t\t\t<div class=\"elementor-container elementor-column-gap-default\">\n\t\t\t\t\t<div class=\"elementor-column elementor-col-50 elementor-top-column elementor-element elementor-element-9808572\" data-id=\"9808572\" data-element_type=\"column\">\n\t\t\t<div class=\"elementor-widget-wrap elementor-element-populated\">\n\t\t\t\t\t\t\t\t<div class=\"elementor-element elementor-element-f33fd35 elementor-widget elementor-widget-text-editor\" data-id=\"f33fd35\" data-element_type=\"widget\" data-widget_type=\"text-editor.default\">\n\t\t\t\t<div class=\"elementor-widget-container\">\n\t\t\t\t\t\t\t<p><strong>&#8221; Il Teatro&#8221;<\/strong><\/p>\t\t\t\t\t\t<\/div>\n\t\t\t\t<\/div>\n\t\t\t\t<div class=\"elementor-element elementor-element-0cf834c elementor-widget elementor-widget-text-editor\" data-id=\"0cf834c\" data-element_type=\"widget\" data-widget_type=\"text-editor.default\">\n\t\t\t\t<div class=\"elementor-widget-container\">\n\t\t\t\t\t\t\t<p>In epoca augustea furono edificati l\u2019Anfiteatro, il Foro, l\u2019Augusteo e il magnifico Teatro. Al II secolo risalgono invece le terme pubbliche e l\u2019intervento di ristrutturazione del Teatro<br \/>Le rappresentazioni teatrali si svolgevano durante i giochi e le feste, in occasione di cerimonie religiose e trionfi militari accanto i quali convivevano le corse dei carri, i combattimenti dei gladiatori e spettacoli di acrobazia e danze.<\/p>\t\t\t\t\t\t<\/div>\n\t\t\t\t<\/div>\n\t\t\t\t<div class=\"elementor-element elementor-element-a5980eb elementor-invisible elementor-widget elementor-widget-image\" data-id=\"a5980eb\" data-element_type=\"widget\" data-settings=\"{&quot;_animation&quot;:&quot;zoomIn&quot;}\" data-widget_type=\"image.default\">\n\t\t\t\t<div class=\"elementor-widget-container\">\n\t\t\t\t\t\t\t\t\t\t\t\t\t\t\t\t<a href=\"https:\/\/weddingetruriandestination.com\/wp-content\/uploads\/2023\/02\/3.2-storia_1000x700.jpg\" data-elementor-open-lightbox=\"yes\" data-elementor-lightbox-title=\"3.2-storia_1000x700\" data-e-action-hash=\"#elementor-action%3Aaction%3Dlightbox%26settings%3DeyJpZCI6NDM1MSwidXJsIjoiaHR0cHM6XC9cL3dlZGRpbmdldHJ1cmlhbmRlc3RpbmF0aW9uLmNvbVwvd3AtY29udGVudFwvdXBsb2Fkc1wvMjAyM1wvMDJcLzMuMi1zdG9yaWFfMTAwMHg3MDAuanBnIn0%3D\">\n\t\t\t\t\t\t\t<img decoding=\"async\" width=\"1000\" height=\"700\" src=\"https:\/\/weddingetruriandestination.com\/wp-content\/uploads\/2023\/02\/3.2-storia_1000x700.jpg\" class=\"attachment-full size-full wp-image-4351\" alt=\"\" loading=\"lazy\" srcset=\"https:\/\/weddingetruriandestination.com\/wp-content\/uploads\/2023\/02\/3.2-storia_1000x700.jpg 1000w, https:\/\/weddingetruriandestination.com\/wp-content\/uploads\/2023\/02\/3.2-storia_1000x700-640x448.jpg 640w, https:\/\/weddingetruriandestination.com\/wp-content\/uploads\/2023\/02\/3.2-storia_1000x700-768x538.jpg 768w, https:\/\/weddingetruriandestination.com\/wp-content\/uploads\/2023\/02\/3.2-storia_1000x700-320x224.jpg 320w\" sizes=\"(max-width: 1000px) 100vw, 1000px\" \/>\t\t\t\t\t\t\t\t<\/a>\n\t\t\t\t\t\t\t\t\t\t\t\t\t\t\t<\/div>\n\t\t\t\t<\/div>\n\t\t\t\t\t<\/div>\n\t\t<\/div>\n\t\t\t\t<div class=\"elementor-column elementor-col-50 elementor-top-column elementor-element elementor-element-db300cb\" data-id=\"db300cb\" data-element_type=\"column\">\n\t\t\t<div class=\"elementor-widget-wrap elementor-element-populated\">\n\t\t\t\t\t\t\t\t<div class=\"elementor-element elementor-element-7931b0f elementor-widget elementor-widget-text-editor\" data-id=\"7931b0f\" data-element_type=\"widget\" data-widget_type=\"text-editor.default\">\n\t\t\t\t<div class=\"elementor-widget-container\">\n\t\t\t\t\t\t\t<p><strong>&#8220;Storia degli scavi&#8221;<\/strong><\/p>\t\t\t\t\t\t<\/div>\n\t\t\t\t<\/div>\n\t\t\t\t<div class=\"elementor-element elementor-element-6ea49f6 elementor-widget elementor-widget-text-editor\" data-id=\"6ea49f6\" data-element_type=\"widget\" data-widget_type=\"text-editor.default\">\n\t\t\t\t<div class=\"elementor-widget-container\">\n\t\t\t\t\t\t\t<p>La prima notizia di scavi nel sito risalirebbe al 1588, tuttavia i primi interventi veri e propri sono stati compiuti all\u2019inizio del XIX secolo, per iniziativa dell\u2019Accademia di Scienze e Arti degli Ardenti di Viterbo, nelle necropoli etrusco-romane delle localit\u00e0 vicine al pianoro di Ferento.<br \/>Nel 2009, la Convenzione per la valorizzazione e fruizione dell\u2019area archeologica di Ferento ha ribadito l\u2019importanza archeologica di questo sito unico e oggi questo \u00e8 visitabile grazie ai volontari di <a href=\"https:\/\/www.archeotuscia.com\/\" target=\"_blank\" rel=\"noopener\">Archeotuscia.<\/a><\/p>\t\t\t\t\t\t<\/div>\n\t\t\t\t<\/div>\n\t\t\t\t<div class=\"elementor-element elementor-element-2554eea elementor-invisible elementor-widget elementor-widget-image\" data-id=\"2554eea\" data-element_type=\"widget\" data-settings=\"{&quot;_animation&quot;:&quot;zoomIn&quot;}\" data-widget_type=\"image.default\">\n\t\t\t\t<div class=\"elementor-widget-container\">\n\t\t\t\t\t\t\t\t\t\t\t\t\t\t\t\t<a href=\"https:\/\/weddingetruriandestination.com\/wp-content\/uploads\/2023\/02\/3.3-storia_1000x700.jpg\" data-elementor-open-lightbox=\"yes\" data-elementor-lightbox-title=\"3.3-storia_1000x700\" data-e-action-hash=\"#elementor-action%3Aaction%3Dlightbox%26settings%3DeyJpZCI6NDM1MiwidXJsIjoiaHR0cHM6XC9cL3dlZGRpbmdldHJ1cmlhbmRlc3RpbmF0aW9uLmNvbVwvd3AtY29udGVudFwvdXBsb2Fkc1wvMjAyM1wvMDJcLzMuMy1zdG9yaWFfMTAwMHg3MDAuanBnIn0%3D\">\n\t\t\t\t\t\t\t<img decoding=\"async\" width=\"1000\" height=\"700\" src=\"https:\/\/weddingetruriandestination.com\/wp-content\/uploads\/2023\/02\/3.3-storia_1000x700.jpg\" class=\"attachment-full size-full wp-image-4352\" alt=\"\" loading=\"lazy\" srcset=\"https:\/\/weddingetruriandestination.com\/wp-content\/uploads\/2023\/02\/3.3-storia_1000x700.jpg 1000w, https:\/\/weddingetruriandestination.com\/wp-content\/uploads\/2023\/02\/3.3-storia_1000x700-640x448.jpg 640w, https:\/\/weddingetruriandestination.com\/wp-content\/uploads\/2023\/02\/3.3-storia_1000x700-768x538.jpg 768w, https:\/\/weddingetruriandestination.com\/wp-content\/uploads\/2023\/02\/3.3-storia_1000x700-320x224.jpg 320w\" sizes=\"(max-width: 1000px) 100vw, 1000px\" \/>\t\t\t\t\t\t\t\t<\/a>\n\t\t\t\t\t\t\t\t\t\t\t\t\t\t\t<\/div>\n\t\t\t\t<\/div>\n\t\t\t\t\t<\/div>\n\t\t<\/div>\n\t\t\t\t\t\t\t<\/div>\n\t\t<\/section>\n\t\t\t\t<section class=\"elementor-section elementor-top-section elementor-element elementor-element-fd6999d elementor-section-full_width elementor-section-stretched elementor-section-content-middle elementor-hidden-desktop elementor-hidden-mobile elementor-section-height-default elementor-section-height-default\" data-id=\"fd6999d\" data-element_type=\"section\" data-settings=\"{&quot;stretch_section&quot;:&quot;section-stretched&quot;}\">\n\t\t\t\t\t\t<div class=\"elementor-container elementor-column-gap-default\">\n\t\t\t\t\t<div class=\"elementor-column elementor-col-100 elementor-top-column elementor-element elementor-element-487b9a3\" data-id=\"487b9a3\" data-element_type=\"column\">\n\t\t\t<div class=\"elementor-widget-wrap elementor-element-populated\">\n\t\t\t\t\t\t\t\t<div class=\"elementor-element elementor-element-f4b5d96 elementor-widget elementor-widget-image\" data-id=\"f4b5d96\" data-element_type=\"widget\" data-widget_type=\"image.default\">\n\t\t\t\t<div class=\"elementor-widget-container\">\n\t\t\t\t\t\t\t\t\t\t\t\t\t\t\t<img decoding=\"async\" width=\"1000\" height=\"700\" src=\"https:\/\/weddingetruriandestination.com\/wp-content\/uploads\/2023\/02\/3.4-storia_1000x700.jpg\" class=\"attachment-full size-full wp-image-4353\" alt=\"\" loading=\"lazy\" srcset=\"https:\/\/weddingetruriandestination.com\/wp-content\/uploads\/2023\/02\/3.4-storia_1000x700.jpg 1000w, https:\/\/weddingetruriandestination.com\/wp-content\/uploads\/2023\/02\/3.4-storia_1000x700-640x448.jpg 640w, https:\/\/weddingetruriandestination.com\/wp-content\/uploads\/2023\/02\/3.4-storia_1000x700-768x538.jpg 768w, https:\/\/weddingetruriandestination.com\/wp-content\/uploads\/2023\/02\/3.4-storia_1000x700-320x224.jpg 320w\" sizes=\"(max-width: 1000px) 100vw, 1000px\" \/>\t\t\t\t\t\t\t\t\t\t\t\t\t\t\t<\/div>\n\t\t\t\t<\/div>\n\t\t\t\t<div class=\"elementor-element elementor-element-4f95e0b elementor-widget elementor-widget-heading\" data-id=\"4f95e0b\" data-element_type=\"widget\" data-widget_type=\"heading.default\">\n\t\t\t\t<div class=\"elementor-widget-container\">\n\t\t\t<style>\/*! elementor - v3.11.5 - 14-03-2023 *\/\n.elementor-heading-title{padding:0;margin:0;line-height:1}.elementor-widget-heading .elementor-heading-title[class*=elementor-size-]>a{color:inherit;font-size:inherit;line-height:inherit}.elementor-widget-heading .elementor-heading-title.elementor-size-small{font-size:15px}.elementor-widget-heading .elementor-heading-title.elementor-size-medium{font-size:19px}.elementor-widget-heading .elementor-heading-title.elementor-size-large{font-size:29px}.elementor-widget-heading .elementor-heading-title.elementor-size-xl{font-size:39px}.elementor-widget-heading .elementor-heading-title.elementor-size-xxl{font-size:59px}<\/style><h4 class=\"elementor-heading-title elementor-size-default\">Ferento non e' solo una location.\nFerento e' identita', bellezza e sogno.<\/h4>\t\t<\/div>\n\t\t\t\t<\/div>\n\t\t\t\t<div class=\"elementor-element elementor-element-6c2b00d elementor-widget elementor-widget-text-editor\" data-id=\"6c2b00d\" data-element_type=\"widget\" data-widget_type=\"text-editor.default\">\n\t\t\t\t<div class=\"elementor-widget-container\">\n\t\t\t\t\t\t\t<p>Ferento, un\u2019antica citt\u00e0 etrusca, romana e medievale nelle vicinanze di Viterbo, sulla strada Teverina verso la valle del Tevere, venne fregiata del titolo di civitas splendissima, come ci ricorda un\u2019iscrizione del II secolo d.C. rinvenuta nelle vicinanze.<\/p><p>Ferento fu originariamente citt\u00e0 etrusca, ma acquis\u00ec massima importanza soprattutto in<br \/>et\u00e0 imperiale, quando divenne un importante nodo sulla via Clodia e si struttur\u00f2 secondo il tessuto urbano che oggi \u00e8 soltanto in minima parte rinvenibile dagli scavi archeologici.<br \/>L\u2019insediamento etrusco si insedi\u00f2 nel IV sec.a.C. tra i torrenti Vezzarella e Fosso dell\u2019Acquarossa. Con la conquista romana del territorio a Nord dei monti Cimini,avvenuta nel 310 a.C., l\u2019area di Ferento entr\u00f2 nella sfera d\u2019influenza di Roma.<\/p><p>Come allora \u00e8 oggi luogo di bellezza e cornice preziosa per eventi memorabili.<\/p>\t\t\t\t\t\t<\/div>\n\t\t\t\t<\/div>\n\t\t\t\t\t<\/div>\n\t\t<\/div>\n\t\t\t\t\t\t\t<\/div>\n\t\t<\/section>\n\t\t\t\t<section class=\"elementor-section elementor-top-section elementor-element elementor-element-22581bb elementor-section-full_width elementor-section-stretched elementor-section-content-middle elementor-hidden-desktop elementor-hidden-mobile elementor-section-height-default elementor-section-height-default\" data-id=\"22581bb\" data-element_type=\"section\" data-settings=\"{&quot;stretch_section&quot;:&quot;section-stretched&quot;}\">\n\t\t\t\t\t\t<div class=\"elementor-container elementor-column-gap-default\">\n\t\t\t\t\t<div class=\"elementor-column elementor-col-100 elementor-top-column elementor-element elementor-element-24e6044\" data-id=\"24e6044\" data-element_type=\"column\">\n\t\t\t<div class=\"elementor-widget-wrap elementor-element-populated\">\n\t\t\t\t\t\t\t\t<div class=\"elementor-element elementor-element-548004a elementor-widget elementor-widget-image\" data-id=\"548004a\" data-element_type=\"widget\" data-widget_type=\"image.default\">\n\t\t\t\t<div class=\"elementor-widget-container\">\n\t\t\t\t\t\t\t\t\t\t\t\t\t\t\t<img decoding=\"async\" width=\"1000\" height=\"700\" src=\"https:\/\/weddingetruriandestination.com\/wp-content\/uploads\/2023\/02\/3.2-storia_1000x700.jpg\" class=\"attachment-full size-full wp-image-4351\" alt=\"\" loading=\"lazy\" srcset=\"https:\/\/weddingetruriandestination.com\/wp-content\/uploads\/2023\/02\/3.2-storia_1000x700.jpg 1000w, https:\/\/weddingetruriandestination.com\/wp-content\/uploads\/2023\/02\/3.2-storia_1000x700-640x448.jpg 640w, https:\/\/weddingetruriandestination.com\/wp-content\/uploads\/2023\/02\/3.2-storia_1000x700-768x538.jpg 768w, https:\/\/weddingetruriandestination.com\/wp-content\/uploads\/2023\/02\/3.2-storia_1000x700-320x224.jpg 320w\" sizes=\"(max-width: 1000px) 100vw, 1000px\" \/>\t\t\t\t\t\t\t\t\t\t\t\t\t\t\t<\/div>\n\t\t\t\t<\/div>\n\t\t\t\t<div class=\"elementor-element elementor-element-67e7fda elementor-widget elementor-widget-heading\" data-id=\"67e7fda\" data-element_type=\"widget\" data-widget_type=\"heading.default\">\n\t\t\t\t<div class=\"elementor-widget-container\">\n\t\t\t<h4 class=\"elementor-heading-title elementor-size-default\">\u201cIl Teatro\u201d<\/h4>\t\t<\/div>\n\t\t\t\t<\/div>\n\t\t\t\t<div class=\"elementor-element elementor-element-6e86315 elementor-widget elementor-widget-text-editor\" data-id=\"6e86315\" data-element_type=\"widget\" data-widget_type=\"text-editor.default\">\n\t\t\t\t<div class=\"elementor-widget-container\">\n\t\t\t\t\t\t\t<p>In epoca augustea furono edificati l\u2019Anfiteatro, il Foro, l\u2019Augusteo e il magnifico Teatro. Al II secolo risalgono invece le terme pubbliche e l\u2019intervento di ristrutturazione del Teatro<br \/>Le rappresentazioni teatrali si svolgevano durante i giochi e le feste, in occasione di cerimonie religiose e trionfi militari accanto i quali convivevano le corse dei carri, i combattimenti dei gladiatori e spettacoli di acrobazia e danze.<\/p>\t\t\t\t\t\t<\/div>\n\t\t\t\t<\/div>\n\t\t\t\t\t<\/div>\n\t\t<\/div>\n\t\t\t\t\t\t\t<\/div>\n\t\t<\/section>\n\t\t\t\t<section class=\"elementor-section elementor-top-section elementor-element elementor-element-451ddc2 elementor-section-stretched elementor-section-content-top elementor-hidden-tablet elementor-section-boxed elementor-section-height-default elementor-section-height-default\" data-id=\"451ddc2\" data-element_type=\"section\" data-settings=\"{&quot;stretch_section&quot;:&quot;section-stretched&quot;}\">\n\t\t\t\t\t\t<div class=\"elementor-container elementor-column-gap-default\">\n\t\t\t\t\t<div class=\"elementor-column elementor-col-100 elementor-top-column elementor-element elementor-element-173b485\" data-id=\"173b485\" data-element_type=\"column\">\n\t\t\t<div class=\"elementor-widget-wrap\">\n\t\t\t\t\t\t\t\t\t<\/div>\n\t\t<\/div>\n\t\t\t\t\t\t\t<\/div>\n\t\t<\/section>\n\t\t\t\t<section class=\"elementor-section elementor-top-section elementor-element elementor-element-5ec4b52 elementor-section-full_width elementor-section-stretched elementor-section-content-middle elementor-hidden-desktop elementor-hidden-mobile elementor-section-height-default elementor-section-height-default\" data-id=\"5ec4b52\" data-element_type=\"section\" data-settings=\"{&quot;stretch_section&quot;:&quot;section-stretched&quot;}\">\n\t\t\t\t\t\t<div class=\"elementor-container elementor-column-gap-default\">\n\t\t\t\t\t<div class=\"elementor-column elementor-col-100 elementor-top-column elementor-element elementor-element-cf0056e\" data-id=\"cf0056e\" data-element_type=\"column\">\n\t\t\t<div class=\"elementor-widget-wrap elementor-element-populated\">\n\t\t\t\t\t\t\t\t<div class=\"elementor-element elementor-element-10a2c2a elementor-widget elementor-widget-image\" data-id=\"10a2c2a\" data-element_type=\"widget\" data-widget_type=\"image.default\">\n\t\t\t\t<div class=\"elementor-widget-container\">\n\t\t\t\t\t\t\t\t\t\t\t\t\t\t\t<img decoding=\"async\" width=\"1000\" height=\"700\" src=\"https:\/\/weddingetruriandestination.com\/wp-content\/uploads\/2023\/02\/3.3-storia_1000x700.jpg\" class=\"attachment-full size-full wp-image-4352\" alt=\"\" loading=\"lazy\" srcset=\"https:\/\/weddingetruriandestination.com\/wp-content\/uploads\/2023\/02\/3.3-storia_1000x700.jpg 1000w, https:\/\/weddingetruriandestination.com\/wp-content\/uploads\/2023\/02\/3.3-storia_1000x700-640x448.jpg 640w, https:\/\/weddingetruriandestination.com\/wp-content\/uploads\/2023\/02\/3.3-storia_1000x700-768x538.jpg 768w, https:\/\/weddingetruriandestination.com\/wp-content\/uploads\/2023\/02\/3.3-storia_1000x700-320x224.jpg 320w\" sizes=\"(max-width: 1000px) 100vw, 1000px\" \/>\t\t\t\t\t\t\t\t\t\t\t\t\t\t\t<\/div>\n\t\t\t\t<\/div>\n\t\t\t\t<div class=\"elementor-element elementor-element-0bc08b4 elementor-widget elementor-widget-heading\" data-id=\"0bc08b4\" data-element_type=\"widget\" data-widget_type=\"heading.default\">\n\t\t\t\t<div class=\"elementor-widget-container\">\n\t\t\t<h4 class=\"elementor-heading-title elementor-size-default\">Storia degli scavi\u00a0<\/h4>\t\t<\/div>\n\t\t\t\t<\/div>\n\t\t\t\t<div class=\"elementor-element elementor-element-f1c3f0d elementor-widget elementor-widget-text-editor\" data-id=\"f1c3f0d\" data-element_type=\"widget\" data-widget_type=\"text-editor.default\">\n\t\t\t\t<div class=\"elementor-widget-container\">\n\t\t\t\t\t\t\t<p>La prima notizia di scavi nel sito risalirebbe al 1588, tuttavia i primi interventi veri e propri sono stati compiuti all\u2019inizio del XIX secolo, per iniziativa dell\u2019Accademia di Scienze e Arti degli Ardenti di Viterbo, nelle necropoli etrusco-romane delle localit\u00e0 vicine al pianoro di Ferento.<br \/>Nel 2009, la Convenzione per la valorizzazione e fruizione dell\u2019area archeologica di Ferento ha ribadito l\u2019importanza archeologica di questo sito unico e oggi questo \u00e8 visitabili grazie ai volontari di <a href=\"https:\/\/www.archeotuscia.com\/\" target=\"_blank\" rel=\"noopener\">Archeotuscia.<\/a><\/p>\t\t\t\t\t\t<\/div>\n\t\t\t\t<\/div>\n\t\t\t\t\t<\/div>\n\t\t<\/div>\n\t\t\t\t\t\t\t<\/div>\n\t\t<\/section>\n\t\t\t\t\t\t\t<\/div>\n\t\t","protected":false},"excerpt":{"rendered":"<p>Ferento non \u00e8 solo una location&#8230; Ferento \u00e8 IDENTITA&#8217;, BELLEZZA E SOGNO! Ferento, un\u2019antica citt\u00e0 etrusca, romana e medievale nelle vicinanze di Viterbo, sulla strada Teverina verso la valle del Tevere, venne fregiata del titolo di civitas splendissima, come ci ricorda un\u2019iscrizione del II secolo d.C. rinvenuta nelle vicinanze. Ferento fu originariamente citt\u00e0 etrusca, ma&#8230;<\/p>\n","protected":false},"author":1,"featured_media":0,"parent":0,"menu_order":0,"comment_status":"closed","ping_status":"closed","template":"elementor_header_footer","meta":[],"_links":{"self":[{"href":"https:\/\/weddingetruriandestination.com\/it\/wp-json\/wp\/v2\/pages\/4165"}],"collection":[{"href":"https:\/\/weddingetruriandestination.com\/it\/wp-json\/wp\/v2\/pages"}],"about":[{"href":"https:\/\/weddingetruriandestination.com\/it\/wp-json\/wp\/v2\/types\/page"}],"author":[{"embeddable":true,"href":"https:\/\/weddingetruriandestination.com\/it\/wp-json\/wp\/v2\/users\/1"}],"replies":[{"embeddable":true,"href":"https:\/\/weddingetruriandestination.com\/it\/wp-json\/wp\/v2\/comments?post=4165"}],"version-history":[{"count":125,"href":"https:\/\/weddingetruriandestination.com\/it\/wp-json\/wp\/v2\/pages\/4165\/revisions"}],"predecessor-version":[{"id":5530,"href":"https:\/\/weddingetruriandestination.com\/it\/wp-json\/wp\/v2\/pages\/4165\/revisions\/5530"}],"wp:attachment":[{"href":"https:\/\/weddingetruriandestination.com\/it\/wp-json\/wp\/v2\/media?parent=4165"}],"curies":[{"name":"wp","href":"https:\/\/api.w.org\/{rel}","templated":true}]}}