{"id":4102,"date":"2023-02-14T21:30:34","date_gmt":"2023-02-14T20:30:34","guid":{"rendered":"https:\/\/weddingetruriandestination.com\/?page_id=4102"},"modified":"2023-03-22T15:37:22","modified_gmt":"2023-03-22T14:37:22","slug":"location","status":"publish","type":"page","link":"https:\/\/weddingetruriandestination.com\/it\/location\/","title":{"rendered":"Location"},"content":{"rendered":"\t\t<div data-elementor-type=\"wp-page\" data-elementor-id=\"4102\" class=\"elementor elementor-4102\">\n\t\t\t\t\t\t\t\t\t<section class=\"elementor-section elementor-top-section elementor-element elementor-element-934ab9e elementor-section-stretched elementor-section-content-middle elementor-hidden-tablet elementor-section-full_width elementor-section-height-default elementor-section-height-default\" data-id=\"934ab9e\" data-element_type=\"section\" data-settings=\"{&quot;stretch_section&quot;:&quot;section-stretched&quot;}\">\n\t\t\t\t\t\t<div class=\"elementor-container elementor-column-gap-no\">\n\t\t\t\t\t<div class=\"elementor-column elementor-col-100 elementor-top-column elementor-element elementor-element-2c7e21d\" data-id=\"2c7e21d\" data-element_type=\"column\">\n\t\t\t<div class=\"elementor-widget-wrap elementor-element-populated\">\n\t\t\t\t\t\t\t\t<div class=\"elementor-element elementor-element-5e5da27 elementor-widget__width-inherit elementor-widget elementor-widget-image\" data-id=\"5e5da27\" data-element_type=\"widget\" data-settings=\"{&quot;_animation&quot;:&quot;none&quot;}\" data-widget_type=\"image.default\">\n\t\t\t\t<div class=\"elementor-widget-container\">\n\t\t\t<style>\/*! elementor - v3.11.5 - 14-03-2023 *\/\n.elementor-widget-image{text-align:center}.elementor-widget-image a{display:inline-block}.elementor-widget-image a img[src$=\".svg\"]{width:48px}.elementor-widget-image img{vertical-align:middle;display:inline-block}<\/style>\t\t\t\t\t\t\t\t\t\t\t\t\t<a href=\"https:\/\/weddingetruriandestination.com\/wp-content\/uploads\/2023\/03\/Schermata-logo.jpg\" data-elementor-open-lightbox=\"yes\" data-elementor-lightbox-title=\"Schermata-logo\" data-e-action-hash=\"#elementor-action%3Aaction%3Dlightbox%26settings%3DeyJpZCI6NTI1MywidXJsIjoiaHR0cHM6XC9cL3dlZGRpbmdldHJ1cmlhbmRlc3RpbmF0aW9uLmNvbVwvd3AtY29udGVudFwvdXBsb2Fkc1wvMjAyM1wvMDNcL1NjaGVybWF0YS1sb2dvLmpwZyJ9\">\n\t\t\t\t\t\t\t<img decoding=\"async\" width=\"1883\" height=\"800\" src=\"https:\/\/weddingetruriandestination.com\/wp-content\/uploads\/2023\/03\/Schermata-logo.jpg\" class=\"attachment-full size-full wp-image-5253\" alt=\"\" loading=\"lazy\" srcset=\"https:\/\/weddingetruriandestination.com\/wp-content\/uploads\/2023\/03\/Schermata-logo.jpg 1883w, https:\/\/weddingetruriandestination.com\/wp-content\/uploads\/2023\/03\/Schermata-logo-640x272.jpg 640w, https:\/\/weddingetruriandestination.com\/wp-content\/uploads\/2023\/03\/Schermata-logo-1280x544.jpg 1280w, https:\/\/weddingetruriandestination.com\/wp-content\/uploads\/2023\/03\/Schermata-logo-768x326.jpg 768w, https:\/\/weddingetruriandestination.com\/wp-content\/uploads\/2023\/03\/Schermata-logo-1536x653.jpg 1536w, https:\/\/weddingetruriandestination.com\/wp-content\/uploads\/2023\/03\/Schermata-logo-320x136.jpg 320w\" sizes=\"(max-width: 1883px) 100vw, 1883px\" \/>\t\t\t\t\t\t\t\t<\/a>\n\t\t\t\t\t\t\t\t\t\t\t\t\t\t\t<\/div>\n\t\t\t\t<\/div>\n\t\t\t\t\t<\/div>\n\t\t<\/div>\n\t\t\t\t\t\t\t<\/div>\n\t\t<\/section>\n\t\t\t\t<section class=\"elementor-section elementor-top-section elementor-element elementor-element-2349f22 elementor-section-stretched elementor-section-content-middle elementor-hidden-tablet elementor-section-boxed elementor-section-height-default elementor-section-height-default\" data-id=\"2349f22\" data-element_type=\"section\" data-settings=\"{&quot;stretch_section&quot;:&quot;section-stretched&quot;}\">\n\t\t\t\t\t\t<div class=\"elementor-container elementor-column-gap-default\">\n\t\t\t\t\t<div class=\"elementor-column elementor-col-33 elementor-top-column elementor-element elementor-element-5e8b1a2\" data-id=\"5e8b1a2\" data-element_type=\"column\">\n\t\t\t<div class=\"elementor-widget-wrap elementor-element-populated\">\n\t\t\t\t\t\t\t\t<div class=\"elementor-element elementor-element-b6b2219 elementor-invisible elementor-widget elementor-widget-image\" data-id=\"b6b2219\" data-element_type=\"widget\" data-settings=\"{&quot;_animation&quot;:&quot;zoomIn&quot;}\" data-widget_type=\"image.default\">\n\t\t\t\t<div class=\"elementor-widget-container\">\n\t\t\t\t\t\t\t\t\t\t\t\t\t\t\t\t<a href=\"https:\/\/weddingetruriandestination.com\/wp-content\/uploads\/2023\/02\/2.1-location_1200x800.jpg\" data-elementor-open-lightbox=\"yes\" data-elementor-lightbox-title=\"2.1-location_1200x800\" data-e-action-hash=\"#elementor-action%3Aaction%3Dlightbox%26settings%3DeyJpZCI6NDM0MiwidXJsIjoiaHR0cHM6XC9cL3dlZGRpbmdldHJ1cmlhbmRlc3RpbmF0aW9uLmNvbVwvd3AtY29udGVudFwvdXBsb2Fkc1wvMjAyM1wvMDJcLzIuMS1sb2NhdGlvbl8xMjAweDgwMC5qcGcifQ%3D%3D\">\n\t\t\t\t\t\t\t<img decoding=\"async\" width=\"1200\" height=\"800\" src=\"https:\/\/weddingetruriandestination.com\/wp-content\/uploads\/2023\/02\/2.1-location_1200x800.jpg\" class=\"attachment-full size-full wp-image-4342\" alt=\"\" loading=\"lazy\" srcset=\"https:\/\/weddingetruriandestination.com\/wp-content\/uploads\/2023\/02\/2.1-location_1200x800.jpg 1200w, https:\/\/weddingetruriandestination.com\/wp-content\/uploads\/2023\/02\/2.1-location_1200x800-640x427.jpg 640w, https:\/\/weddingetruriandestination.com\/wp-content\/uploads\/2023\/02\/2.1-location_1200x800-768x512.jpg 768w, https:\/\/weddingetruriandestination.com\/wp-content\/uploads\/2023\/02\/2.1-location_1200x800-320x213.jpg 320w, https:\/\/weddingetruriandestination.com\/wp-content\/uploads\/2023\/02\/2.1-location_1200x800-1080x720.jpg 1080w, https:\/\/weddingetruriandestination.com\/wp-content\/uploads\/2023\/02\/2.1-location_1200x800-540x360.jpg 540w\" sizes=\"(max-width: 1200px) 100vw, 1200px\" \/>\t\t\t\t\t\t\t\t<\/a>\n\t\t\t\t\t\t\t\t\t\t\t\t\t\t\t<\/div>\n\t\t\t\t<\/div>\n\t\t\t\t\t<\/div>\n\t\t<\/div>\n\t\t\t\t<div class=\"elementor-column elementor-col-33 elementor-top-column elementor-element elementor-element-71a76f3\" data-id=\"71a76f3\" data-element_type=\"column\">\n\t\t\t<div class=\"elementor-widget-wrap elementor-element-populated\">\n\t\t\t\t\t\t\t\t<div class=\"elementor-element elementor-element-2297dbc elementor-widget elementor-widget-text-editor\" data-id=\"2297dbc\" data-element_type=\"widget\" data-widget_type=\"text-editor.default\">\n\t\t\t\t<div class=\"elementor-widget-container\">\n\t\t\t<style>\/*! elementor - v3.11.5 - 14-03-2023 *\/\n.elementor-widget-text-editor.elementor-drop-cap-view-stacked .elementor-drop-cap{background-color:#818a91;color:#fff}.elementor-widget-text-editor.elementor-drop-cap-view-framed .elementor-drop-cap{color:#818a91;border:3px solid;background-color:transparent}.elementor-widget-text-editor:not(.elementor-drop-cap-view-default) .elementor-drop-cap{margin-top:8px}.elementor-widget-text-editor:not(.elementor-drop-cap-view-default) .elementor-drop-cap-letter{width:1em;height:1em}.elementor-widget-text-editor .elementor-drop-cap{float:left;text-align:center;line-height:1;font-size:50px}.elementor-widget-text-editor .elementor-drop-cap-letter{display:inline-block}<\/style>\t\t\t\t<p><strong>&#8220;La Location &#8220;<\/strong><\/p>\t\t\t\t\t\t<\/div>\n\t\t\t\t<\/div>\n\t\t\t\t<div class=\"elementor-element elementor-element-6736aa6 elementor-widget elementor-widget-text-editor\" data-id=\"6736aa6\" data-element_type=\"widget\" data-widget_type=\"text-editor.default\">\n\t\t\t\t<div class=\"elementor-widget-container\">\n\t\t\t\t\t\t\t<p><strong>Magico scenario<br \/><\/strong>La bellezza, innalza la nostra anima al Cielo<br \/>Il Teatro \u00e8 il palcoscenico ideale per le cerimonie pi\u00f9 speciali e pu\u00f2 ospitare fino a 600 persone. Nelle belle stagioni pu\u00f2 accogliere nello spazio esterno cerimonie, matrimoni ed unioni civili indimenticabili, la cui parola d\u2019ordine \u00e9 eccellenza.<br \/>Nel caso di pioggia, nulla \u00e8 perduto, la possibilit\u00e0 di tensostrutture trasparenti permetteranno lo svolgimento dell\u2019evento.<\/p>\t\t\t\t\t\t<\/div>\n\t\t\t\t<\/div>\n\t\t\t\t\t<\/div>\n\t\t<\/div>\n\t\t\t\t<div class=\"elementor-column elementor-col-33 elementor-top-column elementor-element elementor-element-e7d81d4\" data-id=\"e7d81d4\" data-element_type=\"column\">\n\t\t\t<div class=\"elementor-widget-wrap elementor-element-populated\">\n\t\t\t\t\t\t\t\t<div class=\"elementor-element elementor-element-3cd0157 elementor-invisible elementor-widget elementor-widget-image\" data-id=\"3cd0157\" data-element_type=\"widget\" data-settings=\"{&quot;_animation&quot;:&quot;zoomIn&quot;}\" data-widget_type=\"image.default\">\n\t\t\t\t<div class=\"elementor-widget-container\">\n\t\t\t\t\t\t\t\t\t\t\t\t\t\t\t\t<a href=\"https:\/\/weddingetruriandestination.com\/wp-content\/uploads\/2023\/03\/1-1.jpg\" data-elementor-open-lightbox=\"yes\" data-elementor-lightbox-title=\"1\" data-e-action-hash=\"#elementor-action%3Aaction%3Dlightbox%26settings%3DeyJpZCI6NTMwNSwidXJsIjoiaHR0cHM6XC9cL3dlZGRpbmdldHJ1cmlhbmRlc3RpbmF0aW9uLmNvbVwvd3AtY29udGVudFwvdXBsb2Fkc1wvMjAyM1wvMDNcLzEtMS5qcGcifQ%3D%3D\">\n\t\t\t\t\t\t\t<img decoding=\"async\" width=\"1417\" height=\"2126\" src=\"https:\/\/weddingetruriandestination.com\/wp-content\/uploads\/2023\/03\/1-1.jpg\" class=\"attachment-full size-full wp-image-5305\" alt=\"\" loading=\"lazy\" srcset=\"https:\/\/weddingetruriandestination.com\/wp-content\/uploads\/2023\/03\/1-1.jpg 1417w, https:\/\/weddingetruriandestination.com\/wp-content\/uploads\/2023\/03\/1-1-640x960.jpg 640w, https:\/\/weddingetruriandestination.com\/wp-content\/uploads\/2023\/03\/1-1-1280x1920.jpg 1280w, https:\/\/weddingetruriandestination.com\/wp-content\/uploads\/2023\/03\/1-1-768x1152.jpg 768w, https:\/\/weddingetruriandestination.com\/wp-content\/uploads\/2023\/03\/1-1-1024x1536.jpg 1024w, https:\/\/weddingetruriandestination.com\/wp-content\/uploads\/2023\/03\/1-1-1365x2048.jpg 1365w, https:\/\/weddingetruriandestination.com\/wp-content\/uploads\/2023\/03\/1-1-320x480.jpg 320w, https:\/\/weddingetruriandestination.com\/wp-content\/uploads\/2023\/03\/1-1-720x1080.jpg 720w, https:\/\/weddingetruriandestination.com\/wp-content\/uploads\/2023\/03\/1-1-360x540.jpg 360w\" sizes=\"(max-width: 1417px) 100vw, 1417px\" \/>\t\t\t\t\t\t\t\t<\/a>\n\t\t\t\t\t\t\t\t\t\t\t\t\t\t\t<\/div>\n\t\t\t\t<\/div>\n\t\t\t\t\t<\/div>\n\t\t<\/div>\n\t\t\t\t\t\t\t<\/div>\n\t\t<\/section>\n\t\t\t\t<section class=\"elementor-section elementor-top-section elementor-element elementor-element-ded23d6 elementor-section-stretched elementor-section-content-middle elementor-hidden-tablet elementor-section-boxed elementor-section-height-default elementor-section-height-default\" data-id=\"ded23d6\" data-element_type=\"section\" data-settings=\"{&quot;stretch_section&quot;:&quot;section-stretched&quot;}\">\n\t\t\t\t\t\t<div class=\"elementor-container elementor-column-gap-default\">\n\t\t\t\t\t<div class=\"elementor-column elementor-col-33 elementor-top-column elementor-element elementor-element-c9f2fcc\" data-id=\"c9f2fcc\" data-element_type=\"column\">\n\t\t\t<div class=\"elementor-widget-wrap elementor-element-populated\">\n\t\t\t\t\t\t\t\t<div class=\"elementor-element elementor-element-a2f2440 elementor-invisible elementor-widget elementor-widget-image\" data-id=\"a2f2440\" data-element_type=\"widget\" data-settings=\"{&quot;_animation&quot;:&quot;zoomIn&quot;}\" data-widget_type=\"image.default\">\n\t\t\t\t<div class=\"elementor-widget-container\">\n\t\t\t\t\t\t\t\t\t\t\t\t\t\t\t\t<a href=\"https:\/\/weddingetruriandestination.com\/wp-content\/uploads\/2023\/02\/2.4-location_800x1200.jpg\" data-elementor-open-lightbox=\"yes\" data-elementor-lightbox-title=\"2.4-location_800x1200\" data-e-action-hash=\"#elementor-action%3Aaction%3Dlightbox%26settings%3DeyJpZCI6NDM0NSwidXJsIjoiaHR0cHM6XC9cL3dlZGRpbmdldHJ1cmlhbmRlc3RpbmF0aW9uLmNvbVwvd3AtY29udGVudFwvdXBsb2Fkc1wvMjAyM1wvMDJcLzIuNC1sb2NhdGlvbl84MDB4MTIwMC5qcGcifQ%3D%3D\">\n\t\t\t\t\t\t\t<img decoding=\"async\" width=\"800\" height=\"1200\" src=\"https:\/\/weddingetruriandestination.com\/wp-content\/uploads\/2023\/02\/2.4-location_800x1200.jpg\" class=\"attachment-full size-full wp-image-4345\" alt=\"\" loading=\"lazy\" srcset=\"https:\/\/weddingetruriandestination.com\/wp-content\/uploads\/2023\/02\/2.4-location_800x1200.jpg 800w, https:\/\/weddingetruriandestination.com\/wp-content\/uploads\/2023\/02\/2.4-location_800x1200-640x960.jpg 640w, https:\/\/weddingetruriandestination.com\/wp-content\/uploads\/2023\/02\/2.4-location_800x1200-768x1152.jpg 768w, https:\/\/weddingetruriandestination.com\/wp-content\/uploads\/2023\/02\/2.4-location_800x1200-320x480.jpg 320w, https:\/\/weddingetruriandestination.com\/wp-content\/uploads\/2023\/02\/2.4-location_800x1200-720x1080.jpg 720w, https:\/\/weddingetruriandestination.com\/wp-content\/uploads\/2023\/02\/2.4-location_800x1200-360x540.jpg 360w\" sizes=\"(max-width: 800px) 100vw, 800px\" \/>\t\t\t\t\t\t\t\t<\/a>\n\t\t\t\t\t\t\t\t\t\t\t\t\t\t\t<\/div>\n\t\t\t\t<\/div>\n\t\t\t\t\t<\/div>\n\t\t<\/div>\n\t\t\t\t<div class=\"elementor-column elementor-col-33 elementor-top-column elementor-element elementor-element-b022fb2\" data-id=\"b022fb2\" data-element_type=\"column\">\n\t\t\t<div class=\"elementor-widget-wrap elementor-element-populated\">\n\t\t\t\t\t\t\t\t<div class=\"elementor-element elementor-element-183b675 elementor-widget elementor-widget-text-editor\" data-id=\"183b675\" data-element_type=\"widget\" data-widget_type=\"text-editor.default\">\n\t\t\t\t<div class=\"elementor-widget-container\">\n\t\t\t\t\t\t\t<p><strong>&#8220;Matrimonio e Cerimonie &#8220;<\/strong><\/p>\t\t\t\t\t\t<\/div>\n\t\t\t\t<\/div>\n\t\t\t\t<div class=\"elementor-element elementor-element-ea132db elementor-widget elementor-widget-text-editor\" data-id=\"ea132db\" data-element_type=\"widget\" data-widget_type=\"text-editor.default\">\n\t\t\t\t<div class=\"elementor-widget-container\">\n\t\t\t\t\t\t\t<p><strong>\u201cLa tua storia nella storia inizia qui\u201d<\/strong><\/p><p>Grazie alla meticolosa conservazione il teatro di Ferento crea un\u2019autentica atmosfera di romanticismo offrendo la sua cornice perfetta per un giorno indimenticabile.<br \/>Essere attori e testimoni della storia di oggi in uno dei siti archeologici pi\u00f9 importanti al mondo \u00e8 un\u2019esperienza unica, non replicabile. Il teatro offre uno scenario immerso nella storia, i grandi spazi, le antiche pietre, il verde che lo circonda, ovunque si guardi c\u2019\u00e8 una vista mozzafiato: \u00e8 una sublime miscela di arte, storia e natura. Alle Coppie viene concesso il privilegio di godere dell\u2019intero Teatro di Ferento in esclusiva, con l\u2019utilizzo di tutte le aree. Nessun altro ospite sar\u00e0 ammesso nel teatro garantendo un\u2019atmosfera privata, intima e di autentico lusso.<\/p><p>\u00a0<\/p>\t\t\t\t\t\t<\/div>\n\t\t\t\t<\/div>\n\t\t\t\t\t<\/div>\n\t\t<\/div>\n\t\t\t\t<div class=\"elementor-column elementor-col-33 elementor-top-column elementor-element elementor-element-b5456c4\" data-id=\"b5456c4\" data-element_type=\"column\">\n\t\t\t<div class=\"elementor-widget-wrap elementor-element-populated\">\n\t\t\t\t\t\t\t\t<div class=\"elementor-element elementor-element-6b5c479 elementor-invisible elementor-widget elementor-widget-image\" data-id=\"6b5c479\" data-element_type=\"widget\" data-settings=\"{&quot;_animation&quot;:&quot;zoomIn&quot;}\" data-widget_type=\"image.default\">\n\t\t\t\t<div class=\"elementor-widget-container\">\n\t\t\t\t\t\t\t\t\t\t\t\t\t\t\t\t<a href=\"https:\/\/weddingetruriandestination.com\/wp-content\/uploads\/2023\/03\/IMG_1894.jpg\" data-elementor-open-lightbox=\"yes\" data-elementor-lightbox-title=\"IMG_1894\" data-e-action-hash=\"#elementor-action%3Aaction%3Dlightbox%26settings%3DeyJpZCI6NTIxNSwidXJsIjoiaHR0cHM6XC9cL3dlZGRpbmdldHJ1cmlhbmRlc3RpbmF0aW9uLmNvbVwvd3AtY29udGVudFwvdXBsb2Fkc1wvMjAyM1wvMDNcL0lNR18xODk0LmpwZyJ9\">\n\t\t\t\t\t\t\t<img decoding=\"async\" width=\"2126\" height=\"1417\" src=\"https:\/\/weddingetruriandestination.com\/wp-content\/uploads\/2023\/03\/IMG_1894.jpg\" class=\"attachment-full size-full wp-image-5215\" alt=\"\" loading=\"lazy\" srcset=\"https:\/\/weddingetruriandestination.com\/wp-content\/uploads\/2023\/03\/IMG_1894.jpg 2126w, https:\/\/weddingetruriandestination.com\/wp-content\/uploads\/2023\/03\/IMG_1894-640x427.jpg 640w, https:\/\/weddingetruriandestination.com\/wp-content\/uploads\/2023\/03\/IMG_1894-1280x853.jpg 1280w, https:\/\/weddingetruriandestination.com\/wp-content\/uploads\/2023\/03\/IMG_1894-768x512.jpg 768w, https:\/\/weddingetruriandestination.com\/wp-content\/uploads\/2023\/03\/IMG_1894-1536x1024.jpg 1536w, https:\/\/weddingetruriandestination.com\/wp-content\/uploads\/2023\/03\/IMG_1894-2048x1365.jpg 2048w, https:\/\/weddingetruriandestination.com\/wp-content\/uploads\/2023\/03\/IMG_1894-320x213.jpg 320w, https:\/\/weddingetruriandestination.com\/wp-content\/uploads\/2023\/03\/IMG_1894-1080x720.jpg 1080w, https:\/\/weddingetruriandestination.com\/wp-content\/uploads\/2023\/03\/IMG_1894-540x360.jpg 540w\" sizes=\"(max-width: 2126px) 100vw, 2126px\" \/>\t\t\t\t\t\t\t\t<\/a>\n\t\t\t\t\t\t\t\t\t\t\t\t\t\t\t<\/div>\n\t\t\t\t<\/div>\n\t\t\t\t\t<\/div>\n\t\t<\/div>\n\t\t\t\t\t\t\t<\/div>\n\t\t<\/section>\n\t\t\t\t\t\t\t<\/div>\n\t\t","protected":false},"excerpt":{"rendered":"<p>&#8220;La Location &#8220; Magico scenario La bellezza, innalza la nostra anima al Cielo Il Teatro \u00e8 il palcoscenico ideale per le cerimonie pi\u00f9 speciali e pu\u00f2 ospitare fino a 600 persone. Nelle belle stagioni pu\u00f2 accogliere nello spazio esterno cerimonie, matrimoni ed unioni civili indimenticabili, la cui parola d\u2019ordine \u00e9 eccellenza. Nel caso di pioggia,&#8230;<\/p>\n","protected":false},"author":1,"featured_media":0,"parent":0,"menu_order":0,"comment_status":"closed","ping_status":"closed","template":"elementor_header_footer","meta":[],"_links":{"self":[{"href":"https:\/\/weddingetruriandestination.com\/it\/wp-json\/wp\/v2\/pages\/4102"}],"collection":[{"href":"https:\/\/weddingetruriandestination.com\/it\/wp-json\/wp\/v2\/pages"}],"about":[{"href":"https:\/\/weddingetruriandestination.com\/it\/wp-json\/wp\/v2\/types\/page"}],"author":[{"embeddable":true,"href":"https:\/\/weddingetruriandestination.com\/it\/wp-json\/wp\/v2\/users\/1"}],"replies":[{"embeddable":true,"href":"https:\/\/weddingetruriandestination.com\/it\/wp-json\/wp\/v2\/comments?post=4102"}],"version-history":[{"count":174,"href":"https:\/\/weddingetruriandestination.com\/it\/wp-json\/wp\/v2\/pages\/4102\/revisions"}],"predecessor-version":[{"id":5351,"href":"https:\/\/weddingetruriandestination.com\/it\/wp-json\/wp\/v2\/pages\/4102\/revisions\/5351"}],"wp:attachment":[{"href":"https:\/\/weddingetruriandestination.com\/it\/wp-json\/wp\/v2\/media?parent=4102"}],"curies":[{"name":"wp","href":"https:\/\/api.w.org\/{rel}","templated":true}]}}